{"id":4,"date":"2019-03-14T08:20:23","date_gmt":"2019-03-14T08:20:23","guid":{"rendered":"http:\/\/neu.norddeicher-ferienhaus.de\/?page_id=4"},"modified":"2022-09-26T16:35:16","modified_gmt":"2022-09-26T16:35:16","slug":"elementor-4","status":"publish","type":"page","link":"https:\/\/norddeicher-ferienhaus.de\/","title":{"rendered":"HOME"},"content":{"rendered":"\t\t<div data-elementor-type=\"wp-post\" data-elementor-id=\"4\" class=\"elementor elementor-4\">\n\t\t\t\t\t\t<section class=\"elementor-section elementor-top-section elementor-element elementor-element-4f0d476 elementor-section-full_width elementor-section-height-default elementor-section-height-default\" data-id=\"4f0d476\" data-element_type=\"section\" data-e-type=\"section\">\n\t\t\t\t\t\t<div class=\"elementor-container elementor-column-gap-default\">\n\t\t\t\t\t<div class=\"elementor-column elementor-col-100 elementor-top-column elementor-element elementor-element-d5efa5e\" data-id=\"d5efa5e\" data-element_type=\"column\" data-e-type=\"column\">\n\t\t\t<div class=\"elementor-widget-wrap elementor-element-populated\">\n\t\t\t\t\t\t<div class=\"elementor-element elementor-element-7e18fdb elementor-widget elementor-widget-heading\" data-id=\"7e18fdb\" data-element_type=\"widget\" data-e-type=\"widget\" data-widget_type=\"heading.default\">\n\t\t\t\t<div class=\"elementor-widget-container\">\n\t\t\t\t\t<h2 class=\"elementor-heading-title elementor-size-default\">Herzlich willkommen in Norddeich<\/h2>\t\t\t\t<\/div>\n\t\t\t\t<\/div>\n\t\t\t\t\t<\/div>\n\t\t<\/div>\n\t\t\t\t\t<\/div>\n\t\t<\/section>\n\t\t\t\t<section class=\"elementor-section elementor-top-section elementor-element elementor-element-e1b82be elementor-section-boxed elementor-section-height-default elementor-section-height-default\" data-id=\"e1b82be\" data-element_type=\"section\" data-e-type=\"section\">\n\t\t\t\t\t\t<div class=\"elementor-container elementor-column-gap-default\">\n\t\t\t\t\t<div class=\"elementor-column elementor-col-100 elementor-top-column elementor-element elementor-element-661131d\" data-id=\"661131d\" data-element_type=\"column\" data-e-type=\"column\">\n\t\t\t<div class=\"elementor-widget-wrap elementor-element-populated\">\n\t\t\t\t\t\t<div class=\"elementor-element elementor-element-8a0b557 elementor-widget elementor-widget-text-editor\" data-id=\"8a0b557\" data-element_type=\"widget\" data-e-type=\"widget\" data-widget_type=\"text-editor.default\">\n\t\t\t\t<div class=\"elementor-widget-container\">\n\t\t\t\t\t\t\t\t\t<p style=\"text-align: center;\">genie\u00dfen Sie ihren Urlaub an der ostfriesischen Nordseek\u00fcste in ruhiger und zentraler Lage<\/p><p style=\"text-align: center;\">Wie bieten ihnen 2 Ferienh\u00e4user (DHH) die f\u00fcr Sie liebevoll eingerichtet sind.<\/p><p style=\"text-align: center;\">Kurze Wege durch die optimale Lage erlauben es ihnen die Vielzahl an Angeboten in Norddeich zu besuchen.<\/p><p style=\"text-align: center;\">Ruhe finden Sie auf der Sonnenterasse mit Blick auf den Garten.<\/p><p style=\"text-align: center;\">Sollten Sie Lust auf eine Fahrradtour haben, nutzen Sie die <span style=\"text-decoration: underline;\">kostenlosen<\/span> Fahrr\u00e4der die zu jedem Haus geh\u00f6ren.<\/p><p style=\"text-align: center;\">F\u00e4hranleger in n\u00e4chster N\u00e4he. Da steht einem Tagestrip zur Insel Norderney oder Juist nichts im Wege<\/p>\t\t\t\t\t\t\t\t<\/div>\n\t\t\t\t<\/div>\n\t\t\t\t\t<\/div>\n\t\t<\/div>\n\t\t\t\t\t<\/div>\n\t\t<\/section>\n\t\t\t\t<section class=\"elementor-section elementor-top-section elementor-element elementor-element-c70eace elementor-section-boxed elementor-section-height-default elementor-section-height-default\" data-id=\"c70eace\" data-element_type=\"section\" data-e-type=\"section\">\n\t\t\t\t\t\t<div class=\"elementor-container elementor-column-gap-default\">\n\t\t\t\t\t<div class=\"elementor-column elementor-col-100 elementor-top-column elementor-element elementor-element-a45934e\" data-id=\"a45934e\" data-element_type=\"column\" data-e-type=\"column\">\n\t\t\t<div class=\"elementor-widget-wrap elementor-element-populated\">\n\t\t\t\t\t\t<div class=\"elementor-element elementor-element-bdf0426 elementor-widget-divider--view-line elementor-widget elementor-widget-divider\" data-id=\"bdf0426\" data-element_type=\"widget\" data-e-type=\"widget\" data-widget_type=\"divider.default\">\n\t\t\t\t<div class=\"elementor-widget-container\">\n\t\t\t\t\t\t\t<div class=\"elementor-divider\">\n\t\t\t<span class=\"elementor-divider-separator\">\n\t\t\t\t\t\t<\/span>\n\t\t<\/div>\n\t\t\t\t\t\t<\/div>\n\t\t\t\t<\/div>\n\t\t\t\t<div class=\"elementor-element elementor-element-6627c38 elementor-widget elementor-widget-spacer\" data-id=\"6627c38\" data-element_type=\"widget\" data-e-type=\"widget\" data-widget_type=\"spacer.default\">\n\t\t\t\t<div class=\"elementor-widget-container\">\n\t\t\t\t\t\t\t<div class=\"elementor-spacer\">\n\t\t\t<div class=\"elementor-spacer-inner\"><\/div>\n\t\t<\/div>\n\t\t\t\t\t\t<\/div>\n\t\t\t\t<\/div>\n\t\t\t\t\t<\/div>\n\t\t<\/div>\n\t\t\t\t\t<\/div>\n\t\t<\/section>\n\t\t\t\t<\/div>\n\t\t","protected":false},"excerpt":{"rendered":"<p>Herzlich willkommen in Norddeich genie\u00dfen Sie ihren Urlaub an der ostfriesischen Nordseek\u00fcste in ruhiger und zentraler Lage Wie bieten ihnen 2 Ferienh\u00e4user (DHH) die f\u00fcr Sie liebevoll eingerichtet sind. Kurze Wege durch die optimale Lage erlauben es ihnen die Vielzahl an Angeboten in Norddeich zu besuchen. Ruhe finden Sie auf der Sonnenterasse mit Blick auf &hellip; <\/p>\n<p class=\"link-more\"><a href=\"https:\/\/norddeicher-ferienhaus.de\/\" class=\"more-link\"><span class=\"screen-reader-text\">\u201eHOME\u201c<\/span> weiterlesen<\/a><\/p>\n","protected":false},"author":1,"featured_media":0,"parent":0,"menu_order":0,"comment_status":"closed","ping_status":"closed","template":"elementor_header_footer","meta":{"footnotes":""},"class_list":["post-4","page","type-page","status-publish","hentry"],"_links":{"self":[{"href":"https:\/\/norddeicher-ferienhaus.de\/index.php?rest_route=\/wp\/v2\/pages\/4","targetHints":{"allow":["GET"]}}],"collection":[{"href":"https:\/\/norddeicher-ferienhaus.de\/index.php?rest_route=\/wp\/v2\/pages"}],"about":[{"href":"https:\/\/norddeicher-ferienhaus.de\/index.php?rest_route=\/wp\/v2\/types\/page"}],"author":[{"embeddable":true,"href":"https:\/\/norddeicher-ferienhaus.de\/index.php?rest_route=\/wp\/v2\/users\/1"}],"replies":[{"embeddable":true,"href":"https:\/\/norddeicher-ferienhaus.de\/index.php?rest_route=%2Fwp%2Fv2%2Fcomments&post=4"}],"version-history":[{"count":26,"href":"https:\/\/norddeicher-ferienhaus.de\/index.php?rest_route=\/wp\/v2\/pages\/4\/revisions"}],"predecessor-version":[{"id":605,"href":"https:\/\/norddeicher-ferienhaus.de\/index.php?rest_route=\/wp\/v2\/pages\/4\/revisions\/605"}],"wp:attachment":[{"href":"https:\/\/norddeicher-ferienhaus.de\/index.php?rest_route=%2Fwp%2Fv2%2Fmedia&parent=4"}],"curies":[{"name":"wp","href":"https:\/\/api.w.org\/{rel}","templated":true}]}}