{"id":100,"date":"2019-03-14T14:48:03","date_gmt":"2019-03-14T14:48:03","guid":{"rendered":"http:\/\/neu.norddeicher-ferienhaus.de\/?page_id=100"},"modified":"2022-09-26T16:42:53","modified_gmt":"2022-09-26T16:42:53","slug":"haus-6","status":"publish","type":"page","link":"https:\/\/norddeicher-ferienhaus.de\/?page_id=100","title":{"rendered":"Lage"},"content":{"rendered":"\t\t<div data-elementor-type=\"wp-post\" data-elementor-id=\"100\" class=\"elementor elementor-100\">\n\t\t\t\t\t\t<section class=\"elementor-section elementor-top-section elementor-element elementor-element-3b8a145 elementor-section-boxed elementor-section-height-default elementor-section-height-default\" data-id=\"3b8a145\" data-element_type=\"section\" data-e-type=\"section\">\n\t\t\t\t\t\t<div class=\"elementor-container elementor-column-gap-default\">\n\t\t\t\t\t<div class=\"elementor-column elementor-col-100 elementor-top-column elementor-element elementor-element-6519c4a\" data-id=\"6519c4a\" data-element_type=\"column\" data-e-type=\"column\">\n\t\t\t<div class=\"elementor-widget-wrap elementor-element-populated\">\n\t\t\t\t\t\t<div class=\"elementor-element elementor-element-6d43e47 elementor-widget elementor-widget-heading\" data-id=\"6d43e47\" data-element_type=\"widget\" data-e-type=\"widget\" data-widget_type=\"heading.default\">\n\t\t\t\t<div class=\"elementor-widget-container\">\n\t\t\t\t\t<h2 class=\"elementor-heading-title elementor-size-default\">Strand - Wellenbad - Seehundstation-  Lokale - Einkaufsm\u00f6glichkeiten in n\u00e4chster N\u00e4he<\/h2>\t\t\t\t<\/div>\n\t\t\t\t<\/div>\n\t\t\t\t<div class=\"elementor-element elementor-element-49d6479 elementor-widget elementor-widget-spacer\" data-id=\"49d6479\" data-element_type=\"widget\" data-e-type=\"widget\" data-widget_type=\"spacer.default\">\n\t\t\t\t<div class=\"elementor-widget-container\">\n\t\t\t\t\t\t\t<div class=\"elementor-spacer\">\n\t\t\t<div class=\"elementor-spacer-inner\"><\/div>\n\t\t<\/div>\n\t\t\t\t\t\t<\/div>\n\t\t\t\t<\/div>\n\t\t\t\t\t<\/div>\n\t\t<\/div>\n\t\t\t\t\t<\/div>\n\t\t<\/section>\n\t\t\t\t<section class=\"elementor-section elementor-top-section elementor-element elementor-element-0aa16da elementor-section-boxed elementor-section-height-default elementor-section-height-default\" data-id=\"0aa16da\" data-element_type=\"section\" data-e-type=\"section\">\n\t\t\t\t\t\t<div class=\"elementor-container elementor-column-gap-default\">\n\t\t\t\t\t<div class=\"elementor-column elementor-col-50 elementor-top-column elementor-element elementor-element-fbd3982\" data-id=\"fbd3982\" data-element_type=\"column\" data-e-type=\"column\">\n\t\t\t<div class=\"elementor-widget-wrap elementor-element-populated\">\n\t\t\t\t\t\t<div class=\"elementor-element elementor-element-ad4a74d elementor-widget elementor-widget-text-editor\" data-id=\"ad4a74d\" data-element_type=\"widget\" data-e-type=\"widget\" data-widget_type=\"text-editor.default\">\n\t\t\t\t<div class=\"elementor-widget-container\">\n\t\t\t\t\t\t\t\t\t<p style=\"text-align: center;\"><strong><span style=\"color: #000000;\">M\u00f6chten Sie im Urlaub ohne Auto ihre Ziele erreichen!<\/span><\/strong><\/p>\n<p style=\"text-align: center;\"><span style=\"color: #000000;\">Die zentrale Lage erm\u00f6glicht es Ihnen die interessantesten Orte zu Fu\u00df oder mit den <span style=\"text-decoration: underline;\">kostenlosen<\/span> Fahrr\u00e4dern zu erreichen.<\/span><\/p>\n<p><span style=\"color: #000000;\"><span style=\"color: #0000ff;\"><a style=\"color: #0000ff;\" href=\"https:\/\/www.ocean-wave.de\/\"><span style=\"text-decoration: underline; color: #808080;\">Wellenbad<\/span><\/a> <\/span>mit Sauna und Wellnessbereich&nbsp;&nbsp;&nbsp;&nbsp; ca.370m<\/span><\/p>\n<p><span style=\"color: #000000;\"><span style=\"color: #0000ff;\"><a style=\"color: #0000ff;\" href=\"http:\/\/www.erlebnispark-norddeich.de\/\"><span style=\"text-decoration: underline;\"><span style=\"color: #808080; text-decoration: underline;\">Erlebnispark<\/span><\/span><\/a><\/span> Norddeich mit Irrgarten und Abenteuergolf&nbsp;&nbsp; ca.300m<br><\/span><\/p>\n<p><span style=\"color: #000000;\"><span style=\"color: #0000ff;\"><a style=\"color: #0000ff;\" href=\"http:\/\/www.seehundstation-norddeich.de\"><span style=\"text-decoration: underline;\"><span style=\"color: #808080; text-decoration: underline;\">Seehundstation<\/span><\/span><\/a><\/span> und Nationalparkhaus&nbsp; ca.350m<br><\/span><\/p>\n<p><span style=\"color: #000000;\">Den Deich\/Strand von Norddeich erreichen Sie nach ca. 800m<\/span><\/p>\n<p><span style=\"color: #000000;\">Einkaufsmarkt (Netto) bequem mit dem Bollerwagen zu erreichen.<\/span><\/p>\n<p><span style=\"color: #000000;\">Eine Vielzahl von Restaurants und Cafes in unmittelbarer N\u00e4he<\/span><\/p>\t\t\t\t\t\t\t\t<\/div>\n\t\t\t\t<\/div>\n\t\t\t\t\t<\/div>\n\t\t<\/div>\n\t\t\t\t<div class=\"elementor-column elementor-col-50 elementor-top-column elementor-element elementor-element-dd240cd\" data-id=\"dd240cd\" data-element_type=\"column\" data-e-type=\"column\">\n\t\t\t<div class=\"elementor-widget-wrap elementor-element-populated\">\n\t\t\t\t\t\t<div class=\"elementor-element elementor-element-866a6c2 elementor-invisible elementor-widget elementor-widget-google_maps\" data-id=\"866a6c2\" data-element_type=\"widget\" data-e-type=\"widget\" data-settings=\"{&quot;_animation&quot;:&quot;fadeIn&quot;}\" data-widget_type=\"google_maps.default\">\n\t\t\t\t<div class=\"elementor-widget-container\">\n\t\t\t\t\t\t\t<div class=\"elementor-custom-embed\">\n\t\t\t<iframe loading=\"lazy\"\n\t\t\t\t\tsrc=\"https:\/\/maps.google.com\/maps?q=norddeich%20riedeweg%206&#038;t=m&#038;z=14&#038;output=embed&#038;iwloc=near\"\n\t\t\t\t\ttitle=\"norddeich riedeweg 6\"\n\t\t\t\t\taria-label=\"norddeich riedeweg 6\"\n\t\t\t><\/iframe>\n\t\t<\/div>\n\t\t\t\t\t\t<\/div>\n\t\t\t\t<\/div>\n\t\t\t\t\t<\/div>\n\t\t<\/div>\n\t\t\t\t\t<\/div>\n\t\t<\/section>\n\t\t\t\t<section class=\"elementor-section elementor-top-section elementor-element elementor-element-f307ee2 elementor-section-boxed elementor-section-height-default elementor-section-height-default\" data-id=\"f307ee2\" data-element_type=\"section\" data-e-type=\"section\">\n\t\t\t\t\t\t<div class=\"elementor-container elementor-column-gap-default\">\n\t\t\t\t\t<div class=\"elementor-column elementor-col-100 elementor-top-column elementor-element elementor-element-4ac3a68\" data-id=\"4ac3a68\" data-element_type=\"column\" data-e-type=\"column\">\n\t\t\t<div class=\"elementor-widget-wrap elementor-element-populated\">\n\t\t\t\t\t\t<div class=\"elementor-element elementor-element-9d5048f elementor-widget elementor-widget-spacer\" data-id=\"9d5048f\" data-element_type=\"widget\" data-e-type=\"widget\" data-widget_type=\"spacer.default\">\n\t\t\t\t<div class=\"elementor-widget-container\">\n\t\t\t\t\t\t\t<div class=\"elementor-spacer\">\n\t\t\t<div class=\"elementor-spacer-inner\"><\/div>\n\t\t<\/div>\n\t\t\t\t\t\t<\/div>\n\t\t\t\t<\/div>\n\t\t\t\t\t<\/div>\n\t\t<\/div>\n\t\t\t\t\t<\/div>\n\t\t<\/section>\n\t\t\t\t<\/div>\n\t\t","protected":false},"excerpt":{"rendered":"<p>Strand &#8211; Wellenbad &#8211; Seehundstation- Lokale &#8211; Einkaufsm\u00f6glichkeiten in n\u00e4chster N\u00e4he M\u00f6chten Sie im Urlaub ohne Auto ihre Ziele erreichen! Die zentrale Lage erm\u00f6glicht es Ihnen die interessantesten Orte zu Fu\u00df oder mit den kostenlosen Fahrr\u00e4dern zu erreichen. Wellenbad mit Sauna und Wellnessbereich&nbsp;&nbsp;&nbsp;&nbsp; ca.370m Erlebnispark Norddeich mit Irrgarten und Abenteuergolf&nbsp;&nbsp; ca.300m Seehundstation und Nationalparkhaus&nbsp; ca.350m &hellip; <\/p>\n<p class=\"link-more\"><a href=\"https:\/\/norddeicher-ferienhaus.de\/?page_id=100\" class=\"more-link\"><span class=\"screen-reader-text\">\u201eLage\u201c<\/span> weiterlesen<\/a><\/p>\n","protected":false},"author":1,"featured_media":0,"parent":0,"menu_order":0,"comment_status":"closed","ping_status":"closed","template":"elementor_header_footer","meta":{"footnotes":""},"class_list":["post-100","page","type-page","status-publish","hentry"],"_links":{"self":[{"href":"https:\/\/norddeicher-ferienhaus.de\/index.php?rest_route=\/wp\/v2\/pages\/100","targetHints":{"allow":["GET"]}}],"collection":[{"href":"https:\/\/norddeicher-ferienhaus.de\/index.php?rest_route=\/wp\/v2\/pages"}],"about":[{"href":"https:\/\/norddeicher-ferienhaus.de\/index.php?rest_route=\/wp\/v2\/types\/page"}],"author":[{"embeddable":true,"href":"https:\/\/norddeicher-ferienhaus.de\/index.php?rest_route=\/wp\/v2\/users\/1"}],"replies":[{"embeddable":true,"href":"https:\/\/norddeicher-ferienhaus.de\/index.php?rest_route=%2Fwp%2Fv2%2Fcomments&post=100"}],"version-history":[{"count":20,"href":"https:\/\/norddeicher-ferienhaus.de\/index.php?rest_route=\/wp\/v2\/pages\/100\/revisions"}],"predecessor-version":[{"id":617,"href":"https:\/\/norddeicher-ferienhaus.de\/index.php?rest_route=\/wp\/v2\/pages\/100\/revisions\/617"}],"wp:attachment":[{"href":"https:\/\/norddeicher-ferienhaus.de\/index.php?rest_route=%2Fwp%2Fv2%2Fmedia&parent=100"}],"curies":[{"name":"wp","href":"https:\/\/api.w.org\/{rel}","templated":true}]}}